{"id":765,"date":"2024-01-14T15:35:22","date_gmt":"2024-01-14T15:35:22","guid":{"rendered":"https:\/\/www.enriquefilos.com\/?page_id=765"},"modified":"2024-02-20T17:24:37","modified_gmt":"2024-02-20T17:24:37","slug":"home","status":"publish","type":"page","link":"https:\/\/www.enriquefilos.com\/","title":{"rendered":"Home"},"content":{"rendered":"\t\t<div data-elementor-type=\"wp-page\" data-elementor-id=\"765\" class=\"elementor elementor-765\" data-elementor-post-type=\"page\">\n\t\t\t\t\t\t<section class=\"elementor-section elementor-top-section elementor-element elementor-element-2ef98f71 elementor-section-boxed elementor-section-height-default elementor-section-height-default elementor-invisible\" data-id=\"2ef98f71\" data-element_type=\"section\" data-e-type=\"section\" data-settings=\"{&quot;background_background&quot;:&quot;slideshow&quot;,&quot;animation&quot;:&quot;fadeIn&quot;,&quot;background_motion_fx_translateX_effect&quot;:&quot;yes&quot;,&quot;background_motion_fx_translateX_speed&quot;:{&quot;unit&quot;:&quot;px&quot;,&quot;size&quot;:2,&quot;sizes&quot;:[]},&quot;background_slideshow_gallery&quot;:[{&quot;id&quot;:789,&quot;url&quot;:&quot;https:\\\/\\\/www.enriquefilos.com\\\/wp-content\\\/uploads\\\/2024\\\/01\\\/MG_949h6.jpg&quot;},{&quot;id&quot;:790,&quot;url&quot;:&quot;https:\\\/\\\/www.enriquefilos.com\\\/wp-content\\\/uploads\\\/2024\\\/01\\\/MG_8029.jpg&quot;},{&quot;id&quot;:786,&quot;url&quot;:&quot;https:\\\/\\\/www.enriquefilos.com\\\/wp-content\\\/uploads\\\/2024\\\/01\\\/P1017086.jpg&quot;},{&quot;id&quot;:787,&quot;url&quot;:&quot;https:\\\/\\\/www.enriquefilos.com\\\/wp-content\\\/uploads\\\/2024\\\/01\\\/P8060713.jpg&quot;},{&quot;id&quot;:800,&quot;url&quot;:&quot;https:\\\/\\\/www.enriquefilos.com\\\/wp-content\\\/uploads\\\/2024\\\/01\\\/20230827_130849.jpg&quot;}],&quot;background_slideshow_loop&quot;:&quot;yes&quot;,&quot;background_slideshow_slide_duration&quot;:5000,&quot;background_slideshow_slide_transition&quot;:&quot;fade&quot;,&quot;background_slideshow_transition_duration&quot;:500,&quot;background_motion_fx_translateX_affectedRange&quot;:{&quot;unit&quot;:&quot;%&quot;,&quot;size&quot;:&quot;&quot;,&quot;sizes&quot;:{&quot;start&quot;:0,&quot;end&quot;:100}},&quot;background_motion_fx_devices&quot;:[&quot;desktop&quot;,&quot;tablet&quot;,&quot;mobile&quot;]}\">\n\t\t\t\t\t\t\t<div class=\"elementor-background-overlay\"><\/div>\n\t\t\t\t\t\t\t<div class=\"elementor-container elementor-column-gap-default\">\n\t\t\t\t\t<div class=\"elementor-column elementor-col-100 elementor-top-column elementor-element elementor-element-3ff987a2\" data-id=\"3ff987a2\" data-element_type=\"column\" data-e-type=\"column\">\n\t\t\t<div class=\"elementor-widget-wrap elementor-element-populated\">\n\t\t\t\t\t\t<div class=\"elementor-element elementor-element-75f50619 elementor-invisible elementor-widget elementor-widget-heading\" data-id=\"75f50619\" data-element_type=\"widget\" data-e-type=\"widget\" data-settings=\"{&quot;_animation&quot;:&quot;slideInUp&quot;,&quot;_animation_tablet&quot;:&quot;fadeIn&quot;}\" data-widget_type=\"heading.default\">\n\t\t\t\t<div class=\"elementor-widget-container\">\n\t\t\t\t\t<h2 class=\"elementor-heading-title elementor-size-default\">\u00bfQu\u00e9 es Enrique Filos?<\/h2>\t\t\t\t<\/div>\n\t\t\t\t<\/div>\n\t\t\t\t\t<\/div>\n\t\t<\/div>\n\t\t\t\t\t<\/div>\n\t\t<\/section>\n\t\t\t\t<section class=\"elementor-section elementor-top-section elementor-element elementor-element-369efaa3 elementor-section-boxed elementor-section-height-default elementor-section-height-default\" data-id=\"369efaa3\" data-element_type=\"section\" data-e-type=\"section\" data-settings=\"{&quot;background_background&quot;:&quot;classic&quot;}\">\n\t\t\t\t\t\t<div class=\"elementor-container elementor-column-gap-default\">\n\t\t\t\t\t<div class=\"elementor-column elementor-col-100 elementor-top-column elementor-element elementor-element-2a281038\" data-id=\"2a281038\" data-element_type=\"column\" data-e-type=\"column\" data-settings=\"{&quot;animation&quot;:&quot;none&quot;}\">\n\t\t\t<div class=\"elementor-widget-wrap elementor-element-populated\">\n\t\t\t\t\t\t<div class=\"elementor-element elementor-element-19aef68e elementor-invisible elementor-widget elementor-widget-heading\" data-id=\"19aef68e\" data-element_type=\"widget\" data-e-type=\"widget\" data-settings=\"{&quot;_animation&quot;:&quot;slideInUp&quot;,&quot;_animation_mobile&quot;:&quot;fadeIn&quot;,&quot;_animation_tablet&quot;:&quot;fadeIn&quot;}\" data-widget_type=\"heading.default\">\n\t\t\t\t<div class=\"elementor-widget-container\">\n\t\t\t\t\t<h2 class=\"elementor-heading-title elementor-size-default\">\u00a1Bienvenid@!<\/h2>\t\t\t\t<\/div>\n\t\t\t\t<\/div>\n\t\t\t\t<section class=\"elementor-section elementor-inner-section elementor-element elementor-element-1ddf1182 elementor-section-boxed elementor-section-height-default elementor-section-height-default\" data-id=\"1ddf1182\" data-element_type=\"section\" data-e-type=\"section\">\n\t\t\t\t\t\t<div class=\"elementor-container elementor-column-gap-default\">\n\t\t\t\t\t<div class=\"elementor-column elementor-col-50 elementor-inner-column elementor-element elementor-element-4d7dbb24 elementor-invisible\" data-id=\"4d7dbb24\" data-element_type=\"column\" data-e-type=\"column\" data-settings=\"{&quot;background_background&quot;:&quot;classic&quot;,&quot;animation&quot;:&quot;slideInLeft&quot;,&quot;animation_tablet&quot;:&quot;fadeIn&quot;,&quot;animation_mobile&quot;:&quot;fadeIn&quot;}\">\n\t\t\t<div class=\"elementor-widget-wrap elementor-element-populated\">\n\t\t\t\t\t\t<div class=\"elementor-element elementor-element-3c911b40 elementor-drop-cap-yes elementor-drop-cap-view-default elementor-invisible elementor-widget elementor-widget-text-editor\" data-id=\"3c911b40\" data-element_type=\"widget\" data-e-type=\"widget\" data-settings=\"{&quot;_animation&quot;:&quot;fadeIn&quot;,&quot;drop_cap&quot;:&quot;yes&quot;,&quot;_animation_mobile&quot;:&quot;fadeIn&quot;,&quot;_animation_tablet&quot;:&quot;fadeIn&quot;}\" data-widget_type=\"text-editor.default\">\n\t\t\t\t<div class=\"elementor-widget-container\">\n\t\t\t\t\t\t\t\t\t<p>B\u00a0ienvenid@ a mi Blog! Mi <span style=\"color: #ffffff;\"><a style=\"color: #ffffff;\" href=\"https:\/\/www.youtube.com\/@EnriqueFilos\"><u>canal de YouTube<\/u><\/a> <\/span>y esta p\u00e1gina web est\u00e1n dedicados a casi todo lo que corte, pero fundamentalmente a los cuchillos, a los m\u00e9todos y herramientas para el afilado, al bushcraft como filosof\u00eda y, en general, a la naturaleza. E.D.C. por costumbre y por vocaci\u00f3n, m\u00e1s que por necesidad. Con una mirada m\u00e1s cercana. Con respeto. Con honestidad.<\/p>\t\t\t\t\t\t\t\t<\/div>\n\t\t\t\t<\/div>\n\t\t\t\t\t<\/div>\n\t\t<\/div>\n\t\t\t\t<div class=\"elementor-column elementor-col-50 elementor-inner-column elementor-element elementor-element-4cbc6350\" data-id=\"4cbc6350\" data-element_type=\"column\" data-e-type=\"column\">\n\t\t\t<div class=\"elementor-widget-wrap elementor-element-populated\">\n\t\t\t\t\t\t<div class=\"elementor-element elementor-element-6c740f13 elementor-invisible elementor-widget elementor-widget-image\" data-id=\"6c740f13\" data-element_type=\"widget\" data-e-type=\"widget\" data-settings=\"{&quot;_animation&quot;:&quot;slideInRight&quot;,&quot;_animation_tablet&quot;:&quot;fadeIn&quot;,&quot;_animation_mobile&quot;:&quot;fadeIn&quot;}\" data-widget_type=\"image.default\">\n\t\t\t\t<div class=\"elementor-widget-container\">\n\t\t\t\t\t\t\t\t\t\t\t\t\t\t\t<img decoding=\"async\" src=\"https:\/\/www.enriquefilos.com\/wp-content\/uploads\/elementor\/thumbs\/20230610_182538-qicmz82cb1dxx3gwd0mxip5217hgmruhk2tz6ulilq.jpg\" title=\"20230610_182538\" alt=\"20230610_182538\" loading=\"lazy\" \/>\t\t\t\t\t\t\t\t\t\t\t\t\t\t\t<\/div>\n\t\t\t\t<\/div>\n\t\t\t\t\t<\/div>\n\t\t<\/div>\n\t\t\t\t\t<\/div>\n\t\t<\/section>\n\t\t\t\t\t<\/div>\n\t\t<\/div>\n\t\t\t\t\t<\/div>\n\t\t<\/section>\n\t\t\t\t<section class=\"elementor-section elementor-top-section elementor-element elementor-element-43b95220 elementor-section-boxed elementor-section-height-default elementor-section-height-default\" data-id=\"43b95220\" data-element_type=\"section\" data-e-type=\"section\" data-settings=\"{&quot;background_background&quot;:&quot;classic&quot;}\">\n\t\t\t\t\t\t<div class=\"elementor-container elementor-column-gap-default\">\n\t\t\t\t\t<div class=\"elementor-column elementor-col-100 elementor-top-column elementor-element elementor-element-4289706c\" data-id=\"4289706c\" data-element_type=\"column\" data-e-type=\"column\" data-settings=\"{&quot;animation&quot;:&quot;none&quot;}\">\n\t\t\t<div class=\"elementor-widget-wrap elementor-element-populated\">\n\t\t\t\t\t\t<div class=\"elementor-element elementor-element-4a0ac73 elementor-invisible elementor-widget elementor-widget-heading\" data-id=\"4a0ac73\" data-element_type=\"widget\" data-e-type=\"widget\" data-settings=\"{&quot;_animation&quot;:&quot;slideInUp&quot;,&quot;_animation_mobile&quot;:&quot;fadeIn&quot;}\" data-widget_type=\"heading.default\">\n\t\t\t\t<div class=\"elementor-widget-container\">\n\t\t\t\t\t<h2 class=\"elementor-heading-title elementor-size-default\">Muy de cerca<\/h2>\t\t\t\t<\/div>\n\t\t\t\t<\/div>\n\t\t\t\t<section class=\"elementor-section elementor-inner-section elementor-element elementor-element-64150f6f elementor-section-boxed elementor-section-height-default elementor-section-height-default\" data-id=\"64150f6f\" data-element_type=\"section\" data-e-type=\"section\">\n\t\t\t\t\t\t<div class=\"elementor-container elementor-column-gap-default\">\n\t\t\t\t\t<div class=\"elementor-column elementor-col-50 elementor-inner-column elementor-element elementor-element-1d729d98\" data-id=\"1d729d98\" data-element_type=\"column\" data-e-type=\"column\">\n\t\t\t<div class=\"elementor-widget-wrap elementor-element-populated\">\n\t\t\t\t\t\t<div class=\"elementor-element elementor-element-30c39caa elementor-invisible elementor-widget elementor-widget-image\" data-id=\"30c39caa\" data-element_type=\"widget\" data-e-type=\"widget\" data-settings=\"{&quot;_animation&quot;:&quot;slideInUp&quot;,&quot;_animation_tablet&quot;:&quot;fadeIn&quot;,&quot;_animation_mobile&quot;:&quot;fadeIn&quot;}\" data-widget_type=\"image.default\">\n\t\t\t\t<div class=\"elementor-widget-container\">\n\t\t\t\t\t\t\t\t\t\t\t\t\t\t\t<img decoding=\"async\" src=\"https:\/\/www.enriquefilos.com\/wp-content\/uploads\/elementor\/thumbs\/Enrique-Filos-a--qicpzj14hdw3gaqbd0fqriih6u5de3mbce8txfberg.png\" title=\"Enrique Filos \u00e2\" alt=\"Enrique Filos \u00e2\" loading=\"lazy\" \/>\t\t\t\t\t\t\t\t\t\t\t\t\t\t\t<\/div>\n\t\t\t\t<\/div>\n\t\t\t\t\t<\/div>\n\t\t<\/div>\n\t\t\t\t<div class=\"elementor-column elementor-col-50 elementor-inner-column elementor-element elementor-element-1ba195a\" data-id=\"1ba195a\" data-element_type=\"column\" data-e-type=\"column\">\n\t\t\t<div class=\"elementor-widget-wrap elementor-element-populated\">\n\t\t\t\t\t\t<div class=\"elementor-element elementor-element-30324216 elementor-invisible elementor-widget elementor-widget-text-editor\" data-id=\"30324216\" data-element_type=\"widget\" data-e-type=\"widget\" data-settings=\"{&quot;_animation&quot;:&quot;slideInUp&quot;,&quot;_animation_mobile&quot;:&quot;fadeIn&quot;,&quot;_animation_tablet&quot;:&quot;fadeIn&quot;,&quot;_animation_delay&quot;:100}\" data-widget_type=\"text-editor.default\">\n\t\t\t\t<div class=\"elementor-widget-container\">\n\t\t\t\t\t\t\t\t\t<p>Ya sea un cuchillo, unos guantes, una navaja o los objetos que llevo en mi mochila a la monta\u00f1a, te mostrar\u00e9 todo con la ilusi\u00f3n que me caracteriza, y te hablar\u00e9 de cualquier objeto que caiga en mis manos (por supuesto, relacionado con el canal) con total honestidad.\u00a0<\/p><p>Si es la primera vez que entras en mi p\u00e1gina, te recomiendo que te la guardes en favoritos, porque se vienen muchos art\u00edculos e informaci\u00f3n de utilidad.\u00a0<\/p>\t\t\t\t\t\t\t\t<\/div>\n\t\t\t\t<\/div>\n\t\t\t\t\t<\/div>\n\t\t<\/div>\n\t\t\t\t\t<\/div>\n\t\t<\/section>\n\t\t\t\t\t<\/div>\n\t\t<\/div>\n\t\t\t\t\t<\/div>\n\t\t<\/section>\n\t\t<div class=\"elementor-element elementor-element-be27fef e-flex e-con-boxed e-con e-parent\" data-id=\"be27fef\" data-element_type=\"container\" data-e-type=\"container\">\n\t\t\t\t\t<div class=\"e-con-inner\">\n\t\t\t\t<div class=\"elementor-element elementor-element-79c6763 elementor-widget elementor-widget-heading\" data-id=\"79c6763\" data-element_type=\"widget\" data-e-type=\"widget\" data-widget_type=\"heading.default\">\n\t\t\t\t<div class=\"elementor-widget-container\">\n\t\t\t\t\t<h2 class=\"elementor-heading-title elementor-size-default\">Mis 10 cuchillos favoritos <span style=\"font-weight: normal\">(no en orden de preferencia)<\/span><\/h2>\t\t\t\t<\/div>\n\t\t\t\t<\/div>\n\t\t\t\t\t<\/div>\n\t\t\t\t<\/div>\n\t\t<div class=\"elementor-element elementor-element-8f73bc4 e-flex e-con-boxed e-con e-parent\" data-id=\"8f73bc4\" data-element_type=\"container\" data-e-type=\"container\">\n\t\t\t\t\t<div class=\"e-con-inner\">\n\t\t<div class=\"elementor-element elementor-element-fa34ae4 e-con-full e-flex e-con e-child\" data-id=\"fa34ae4\" data-element_type=\"container\" data-e-type=\"container\">\n\t\t\t\t<div class=\"elementor-element elementor-element-17bcdd5 elementor-widget__width-initial elementor-widget elementor-widget-text-editor\" data-id=\"17bcdd5\" data-element_type=\"widget\" data-e-type=\"widget\" data-widget_type=\"text-editor.default\">\n\t\t\t\t<div class=\"elementor-widget-container\">\n\t\t\t\t\t\t\t\t\t<div><p><a href=\"https:\/\/amzn.to\/49GPRPX\">1) C\u00f3ndor Hudson Bay<\/a><\/p><p><a href=\"https:\/\/amzn.to\/49qpOgf\">2) Joker Nomad<\/a><\/p><p><a href=\"https:\/\/amzn.to\/3uGmzlK\">3) Nieto Lucus<\/a><\/p><p><a href=\"https:\/\/amzn.to\/4bMfuk8\">4) J&amp;V BS9<\/a><\/p><p><a href=\"https:\/\/amzn.to\/3uwTo4H\">5) Joker Nessmuk<\/a><\/p><p><a href=\"https:\/\/amzn.to\/3uvC4Nv\">6) Cudeman Mini Boina Verde<\/a><\/p><p><a href=\"https:\/\/amzn.to\/3OQq8gd\">7) Cuchillo Morakniv Companion HeavyDuty<\/a><\/p><p><a href=\"https:\/\/amzn.to\/3UH3ZEJ\">8) Nieto Cham\u00e1n Bushcraft<\/a><\/p><p><a href=\"https:\/\/amzn.to\/3SNjSqn\">9) Cudeman C\u00e9sar Bozal<\/a><\/p><p><a href=\"https:\/\/amzn.to\/48DZWwp\">10) J&amp;V Chacal Mini<\/a><\/p><\/div>\t\t\t\t\t\t\t\t<\/div>\n\t\t\t\t<\/div>\n\t\t\t\t<\/div>\n\t\t\t\t<div class=\"elementor-element elementor-element-aa9b401 elementor-widget__width-initial elementor-widget-mobile__width-initial elementor-hidden-mobile elementor-widget elementor-widget-image\" data-id=\"aa9b401\" data-element_type=\"widget\" data-e-type=\"widget\" data-widget_type=\"image.default\">\n\t\t\t\t<div class=\"elementor-widget-container\">\n\t\t\t\t\t\t\t\t\t\t\t\t\t\t\t<img fetchpriority=\"high\" decoding=\"async\" width=\"450\" height=\"800\" src=\"https:\/\/www.enriquefilos.com\/wp-content\/uploads\/2024\/01\/20230815_132533.jpg\" class=\"attachment-large size-large wp-image-799\" alt=\"\" srcset=\"https:\/\/www.enriquefilos.com\/wp-content\/uploads\/2024\/01\/20230815_132533.jpg 450w, https:\/\/www.enriquefilos.com\/wp-content\/uploads\/2024\/01\/20230815_132533-169x300.jpg 169w\" sizes=\"(max-width: 450px) 100vw, 450px\" \/>\t\t\t\t\t\t\t\t\t\t\t\t\t\t\t<\/div>\n\t\t\t\t<\/div>\n\t\t\t\t\t<\/div>\n\t\t\t\t<\/div>\n\t\t<div class=\"elementor-element elementor-element-e56d60e e-flex e-con-boxed e-con e-parent\" data-id=\"e56d60e\" data-element_type=\"container\" data-e-type=\"container\">\n\t\t\t\t\t<div class=\"e-con-inner\">\n\t\t\t\t<div class=\"elementor-element elementor-element-0418e94 elementor-widget elementor-widget-video\" data-id=\"0418e94\" data-element_type=\"widget\" data-e-type=\"widget\" data-settings=\"{&quot;youtube_url&quot;:&quot;https:\\\/\\\/youtu.be\\\/gWOIdVCHu_s?si=FHZw5kjagfNkHgHo&quot;,&quot;video_type&quot;:&quot;youtube&quot;,&quot;controls&quot;:&quot;yes&quot;}\" data-widget_type=\"video.default\">\n\t\t\t\t<div class=\"elementor-widget-container\">\n\t\t\t\t\t\t\t<div class=\"elementor-wrapper elementor-open-inline\">\n\t\t\t<div class=\"elementor-video\"><\/div>\t\t<\/div>\n\t\t\t\t\t\t<\/div>\n\t\t\t\t<\/div>\n\t\t\t\t\t<\/div>\n\t\t\t\t<\/div>\n\t\t\t\t<\/div>\n\t\t","protected":false},"excerpt":{"rendered":"<p>\u00bfQu\u00e9 es Enrique Filos? \u00a1Bienvenid@! B\u00a0ienvenid@ a mi Blog! Mi canal de YouTube y esta p\u00e1gina web est\u00e1n dedicados a casi todo lo que corte, pero fundamentalmente a los cuchillos, a los m\u00e9todos y herramientas para el afilado, al bushcraft como filosof\u00eda y, en general, a la naturaleza. E.D.C. por costumbre y por vocaci\u00f3n, m\u00e1s [&hellip;]<\/p>\n","protected":false},"author":1,"featured_media":0,"parent":0,"menu_order":0,"comment_status":"closed","ping_status":"closed","template":"elementor_header_footer","meta":{"footnotes":""},"class_list":["post-765","page","type-page","status-publish","hentry"],"_links":{"self":[{"href":"https:\/\/www.enriquefilos.com\/index.php\/wp-json\/wp\/v2\/pages\/765","targetHints":{"allow":["GET"]}}],"collection":[{"href":"https:\/\/www.enriquefilos.com\/index.php\/wp-json\/wp\/v2\/pages"}],"about":[{"href":"https:\/\/www.enriquefilos.com\/index.php\/wp-json\/wp\/v2\/types\/page"}],"author":[{"embeddable":true,"href":"https:\/\/www.enriquefilos.com\/index.php\/wp-json\/wp\/v2\/users\/1"}],"replies":[{"embeddable":true,"href":"https:\/\/www.enriquefilos.com\/index.php\/wp-json\/wp\/v2\/comments?post=765"}],"version-history":[{"count":79,"href":"https:\/\/www.enriquefilos.com\/index.php\/wp-json\/wp\/v2\/pages\/765\/revisions"}],"predecessor-version":[{"id":993,"href":"https:\/\/www.enriquefilos.com\/index.php\/wp-json\/wp\/v2\/pages\/765\/revisions\/993"}],"wp:attachment":[{"href":"https:\/\/www.enriquefilos.com\/index.php\/wp-json\/wp\/v2\/media?parent=765"}],"curies":[{"name":"wp","href":"https:\/\/api.w.org\/{rel}","templated":true}]}}